{"id":31,"date":"2019-12-19T22:19:25","date_gmt":"2019-12-19T22:19:25","guid":{"rendered":"http:\/\/mastertechhome.com\/?page_id=31"},"modified":"2025-06-30T20:26:06","modified_gmt":"2025-06-30T20:26:06","slug":"inverter","status":"publish","type":"page","link":"https:\/\/mastertechhome.com\/en\/inverter\/","title":{"rendered":"Inverter"},"content":{"rendered":"<div data-elementor-type=\"wp-page\" data-elementor-id=\"31\" class=\"elementor elementor-31\" data-elementor-post-type=\"page\">\n\t\t\t\t\t\t<section class=\"elementor-section elementor-top-section elementor-element elementor-element-5a9196d elementor-section-height-min-height elementor-section-boxed elementor-section-height-default elementor-section-items-middle elementor-invisible\" data-id=\"5a9196d\" data-element_type=\"section\" data-e-type=\"section\" data-settings=\"{&quot;background_background&quot;:&quot;classic&quot;,&quot;animation&quot;:&quot;fadeIn&quot;}\">\n\t\t\t\t\t\t<div class=\"elementor-container elementor-column-gap-default\">\n\t\t\t\t\t<div class=\"elementor-column elementor-col-100 elementor-top-column elementor-element elementor-element-ad77075\" data-id=\"ad77075\" data-element_type=\"column\" data-e-type=\"column\">\n\t\t\t<div class=\"elementor-widget-wrap\">\n\t\t\t\t\t\t\t<\/div>\n\t\t<\/div>\n\t\t\t\t\t<\/div>\n\t\t<\/section>\n\t\t\t\t<section class=\"elementor-section elementor-top-section elementor-element elementor-element-57038fb elementor-section-boxed elementor-section-height-default elementor-section-height-default\" data-id=\"57038fb\" data-element_type=\"section\" data-e-type=\"section\">\n\t\t\t\t\t\t<div class=\"elementor-container elementor-column-gap-default\">\n\t\t\t\t\t<div class=\"elementor-column elementor-col-100 elementor-top-column elementor-element elementor-element-86d3af9\" data-id=\"86d3af9\" data-element_type=\"column\" data-e-type=\"column\">\n\t\t\t<div class=\"elementor-widget-wrap elementor-element-populated\">\n\t\t\t\t\t\t<div class=\"elementor-element elementor-element-bdbee6d elementor-widget elementor-widget-text-editor\" data-id=\"bdbee6d\" data-element_type=\"widget\" data-e-type=\"widget\" data-widget_type=\"text-editor.default\">\n\t\t\t\t<div class=\"elementor-widget-container\">\n\t\t\t\t\t\t\t\t\t<p>Mastertech inverter technology regulates the compressor, so that, without stopping, it slows down to the minimum necessary to maintain the desired temperature. In addition it accelerates the compressor to maximum power so that when turning on, it reaches before the marked temperature.<\/p>\t\t\t\t\t\t\t\t<\/div>\n\t\t\t\t<\/div>\n\t\t\t\t<div class=\"elementor-element elementor-element-5a53b63 elementor-widget elementor-widget-heading\" data-id=\"5a53b63\" data-element_type=\"widget\" data-e-type=\"widget\" data-widget_type=\"heading.default\">\n\t\t\t\t<div class=\"elementor-widget-container\">\n\t\t\t\t\t<h2 class=\"elementor-heading-title elementor-size-default\">benefits<\/h2>\t\t\t\t<\/div>\n\t\t\t\t<\/div>\n\t\t\t\t\t<\/div>\n\t\t<\/div>\n\t\t\t\t\t<\/div>\n\t\t<\/section>\n\t\t\t\t<section class=\"elementor-section elementor-top-section elementor-element elementor-element-a78fd33 elementor-section-boxed elementor-section-height-default elementor-section-height-default\" data-id=\"a78fd33\" data-element_type=\"section\" data-e-type=\"section\">\n\t\t\t\t\t\t<div class=\"elementor-container elementor-column-gap-default\">\n\t\t\t\t\t<div class=\"elementor-column elementor-col-100 elementor-top-column elementor-element elementor-element-a0a45f7\" data-id=\"a0a45f7\" data-element_type=\"column\" data-e-type=\"column\">\n\t\t\t<div class=\"elementor-widget-wrap elementor-element-populated\">\n\t\t\t\t\t\t<div class=\"elementor-element elementor-element-5b7050c elementor-invisible elementor-widget elementor-widget-image-gallery\" data-id=\"5b7050c\" data-element_type=\"widget\" data-e-type=\"widget\" data-settings=\"{&quot;_animation&quot;:&quot;fadeInUp&quot;}\" data-widget_type=\"image-gallery.default\">\n\t\t\t\t<div class=\"elementor-widget-container\">\n\t\t\t\t\t\t\t<div class=\"elementor-image-gallery\">\n\t\t\t<div id='gallery-1' class='gallery galleryid-31 gallery-columns-5 gallery-size-full'><figure class='gallery-item'>\n\t\t\t<div class='gallery-icon landscape'>\n\t\t\t\t<img fetchpriority=\"high\" decoding=\"async\" width=\"891\" height=\"383\" src=\"https:\/\/mastertechhome.com\/wp-content\/uploads\/2025\/06\/Mesa-de-trabajo-1_1-1.png\" class=\"attachment-full size-full\" alt=\"\" srcset=\"https:\/\/mastertechhome.com\/wp-content\/uploads\/2025\/06\/Mesa-de-trabajo-1_1-1.png 891w, https:\/\/mastertechhome.com\/wp-content\/uploads\/2025\/06\/Mesa-de-trabajo-1_1-1-300x129.png 300w, https:\/\/mastertechhome.com\/wp-content\/uploads\/2025\/06\/Mesa-de-trabajo-1_1-1-768x330.png 768w, https:\/\/mastertechhome.com\/wp-content\/uploads\/2025\/06\/Mesa-de-trabajo-1_1-1-18x8.png 18w\" sizes=\"(max-width: 891px) 100vw, 891px\" \/>\n\t\t\t<\/div><\/figure><figure class='gallery-item'>\n\t\t\t<div class='gallery-icon landscape'>\n\t\t\t\t<img decoding=\"async\" width=\"891\" height=\"383\" src=\"https:\/\/mastertechhome.com\/wp-content\/uploads\/2025\/06\/Mesa-de-trabajo-1_3-1.png\" class=\"attachment-full size-full\" alt=\"\" srcset=\"https:\/\/mastertechhome.com\/wp-content\/uploads\/2025\/06\/Mesa-de-trabajo-1_3-1.png 891w, https:\/\/mastertechhome.com\/wp-content\/uploads\/2025\/06\/Mesa-de-trabajo-1_3-1-300x129.png 300w, https:\/\/mastertechhome.com\/wp-content\/uploads\/2025\/06\/Mesa-de-trabajo-1_3-1-768x330.png 768w, https:\/\/mastertechhome.com\/wp-content\/uploads\/2025\/06\/Mesa-de-trabajo-1_3-1-18x8.png 18w\" sizes=\"(max-width: 891px) 100vw, 891px\" \/>\n\t\t\t<\/div><\/figure><figure class='gallery-item'>\n\t\t\t<div class='gallery-icon landscape'>\n\t\t\t\t<img decoding=\"async\" width=\"891\" height=\"383\" src=\"https:\/\/mastertechhome.com\/wp-content\/uploads\/2025\/06\/Mesa-de-trabajo-1_5-1.png\" class=\"attachment-full size-full\" alt=\"\" srcset=\"https:\/\/mastertechhome.com\/wp-content\/uploads\/2025\/06\/Mesa-de-trabajo-1_5-1.png 891w, https:\/\/mastertechhome.com\/wp-content\/uploads\/2025\/06\/Mesa-de-trabajo-1_5-1-300x129.png 300w, https:\/\/mastertechhome.com\/wp-content\/uploads\/2025\/06\/Mesa-de-trabajo-1_5-1-768x330.png 768w, https:\/\/mastertechhome.com\/wp-content\/uploads\/2025\/06\/Mesa-de-trabajo-1_5-1-18x8.png 18w\" sizes=\"(max-width: 891px) 100vw, 891px\" \/>\n\t\t\t<\/div><\/figure><figure class='gallery-item'>\n\t\t\t<div class='gallery-icon landscape'>\n\t\t\t\t<img loading=\"lazy\" decoding=\"async\" width=\"891\" height=\"382\" src=\"https:\/\/mastertechhome.com\/wp-content\/uploads\/2025\/06\/Mesa-de-trabajo-1_7-1.png\" class=\"attachment-full size-full\" alt=\"\" srcset=\"https:\/\/mastertechhome.com\/wp-content\/uploads\/2025\/06\/Mesa-de-trabajo-1_7-1.png 891w, https:\/\/mastertechhome.com\/wp-content\/uploads\/2025\/06\/Mesa-de-trabajo-1_7-1-300x129.png 300w, https:\/\/mastertechhome.com\/wp-content\/uploads\/2025\/06\/Mesa-de-trabajo-1_7-1-768x329.png 768w, https:\/\/mastertechhome.com\/wp-content\/uploads\/2025\/06\/Mesa-de-trabajo-1_7-1-18x8.png 18w\" sizes=\"(max-width: 891px) 100vw, 891px\" \/>\n\t\t\t<\/div><\/figure><figure class='gallery-item'>\n\t\t\t<div class='gallery-icon landscape'>\n\t\t\t\t<img loading=\"lazy\" decoding=\"async\" width=\"891\" height=\"383\" src=\"https:\/\/mastertechhome.com\/wp-content\/uploads\/2025\/06\/Mesa-de-trabajo-1_9-1.png\" class=\"attachment-full size-full\" alt=\"\" srcset=\"https:\/\/mastertechhome.com\/wp-content\/uploads\/2025\/06\/Mesa-de-trabajo-1_9-1.png 891w, https:\/\/mastertechhome.com\/wp-content\/uploads\/2025\/06\/Mesa-de-trabajo-1_9-1-300x129.png 300w, https:\/\/mastertechhome.com\/wp-content\/uploads\/2025\/06\/Mesa-de-trabajo-1_9-1-768x330.png 768w, https:\/\/mastertechhome.com\/wp-content\/uploads\/2025\/06\/Mesa-de-trabajo-1_9-1-18x8.png 18w\" sizes=\"(max-width: 891px) 100vw, 891px\" \/>\n\t\t\t<\/div><\/figure>\n\t\t<\/div>\n\t\t<\/div>\n\t\t\t\t\t\t<\/div>\n\t\t\t\t<\/div>\n\t\t\t\t<div class=\"elementor-element elementor-element-8a95276 elementor-align-center elementor-invisible elementor-widget elementor-widget-button\" data-id=\"8a95276\" data-element_type=\"widget\" data-e-type=\"widget\" data-settings=\"{&quot;_animation&quot;:&quot;fadeIn&quot;}\" data-widget_type=\"button.default\">\n\t\t\t\t<div class=\"elementor-widget-container\">\n\t\t\t\t\t\t\t\t\t<div class=\"elementor-button-wrapper\">\n\t\t\t\t\t<a class=\"elementor-button elementor-button-link elementor-size-sm\" href=\"https:\/\/mastertechhome.com\/en\/nuestros-distribuidores\/\">\n\t\t\t\t\t\t<span class=\"elementor-button-content-wrapper\">\n\t\t\t\t\t\t\t\t\t<span class=\"elementor-button-text\">buy inverter products<\/span>\n\t\t\t\t\t<\/span>\n\t\t\t\t\t<\/a>\n\t\t\t\t<\/div>\n\t\t\t\t\t\t\t\t<\/div>\n\t\t\t\t<\/div>\n\t\t\t\t\t<\/div>\n\t\t<\/div>\n\t\t\t\t\t<\/div>\n\t\t<\/section>\n\t\t\t\t<\/div>","protected":false},"excerpt":{"rendered":"<p>La tecnolog\u00eda inverter de Mastertch regula el compresor, para que, sin llegar a parar, disminuya su velocidad hasta el m\u00ednimo necesario para mantener la temperatura deseada. Adem\u00e1s acelera el compresor a m\u00e1xima potencia para que al encender, alcance antes la temperatura marcada. beneficios comprar productos inverter<\/p>","protected":false},"author":15,"featured_media":0,"parent":0,"menu_order":0,"comment_status":"closed","ping_status":"closed","template":"","meta":{"site-sidebar-layout":"no-sidebar","site-content-layout":"page-builder","ast-site-content-layout":"default","site-content-style":"default","site-sidebar-style":"default","ast-global-header-display":"","ast-banner-title-visibility":"","ast-main-header-display":"","ast-hfb-above-header-display":"","ast-hfb-below-header-display":"","ast-hfb-mobile-header-display":"","site-post-title":"disabled","ast-breadcrumbs-content":"","ast-featured-img":"disabled","footer-sml-layout":"","ast-disable-related-posts":"","theme-transparent-header-meta":"default","adv-header-id-meta":"","stick-header-meta":"","header-above-stick-meta":"","header-main-stick-meta":"","header-below-stick-meta":"","astra-migrate-meta-layouts":"default","ast-page-background-enabled":"default","ast-page-background-meta":{"desktop":{"background-color":"","background-image":"","background-repeat":"repeat","background-position":"center center","background-size":"auto","background-attachment":"scroll","background-type":"","background-media":"","overlay-type":"","overlay-color":"","overlay-opacity":"","overlay-gradient":""},"tablet":{"background-color":"","background-image":"","background-repeat":"repeat","background-position":"center center","background-size":"auto","background-attachment":"scroll","background-type":"","background-media":"","overlay-type":"","overlay-color":"","overlay-opacity":"","overlay-gradient":""},"mobile":{"background-color":"","background-image":"","background-repeat":"repeat","background-position":"center center","background-size":"auto","background-attachment":"scroll","background-type":"","background-media":"","overlay-type":"","overlay-color":"","overlay-opacity":"","overlay-gradient":""}},"ast-content-background-meta":{"desktop":{"background-color":"var(--ast-global-color-5)","background-image":"","background-repeat":"repeat","background-position":"center center","background-size":"auto","background-attachment":"scroll","background-type":"","background-media":"","overlay-type":"","overlay-color":"","overlay-opacity":"","overlay-gradient":""},"tablet":{"background-color":"var(--ast-global-color-5)","background-image":"","background-repeat":"repeat","background-position":"center center","background-size":"auto","background-attachment":"scroll","background-type":"","background-media":"","overlay-type":"","overlay-color":"","overlay-opacity":"","overlay-gradient":""},"mobile":{"background-color":"var(--ast-global-color-5)","background-image":"","background-repeat":"repeat","background-position":"center center","background-size":"auto","background-attachment":"scroll","background-type":"","background-media":"","overlay-type":"","overlay-color":"","overlay-opacity":"","overlay-gradient":""}},"footnotes":""},"class_list":["post-31","page","type-page","status-publish","hentry"],"_links":{"self":[{"href":"https:\/\/mastertechhome.com\/en\/wp-json\/wp\/v2\/pages\/31","targetHints":{"allow":["GET"]}}],"collection":[{"href":"https:\/\/mastertechhome.com\/en\/wp-json\/wp\/v2\/pages"}],"about":[{"href":"https:\/\/mastertechhome.com\/en\/wp-json\/wp\/v2\/types\/page"}],"author":[{"embeddable":true,"href":"https:\/\/mastertechhome.com\/en\/wp-json\/wp\/v2\/users\/15"}],"replies":[{"embeddable":true,"href":"https:\/\/mastertechhome.com\/en\/wp-json\/wp\/v2\/comments?post=31"}],"version-history":[{"count":29,"href":"https:\/\/mastertechhome.com\/en\/wp-json\/wp\/v2\/pages\/31\/revisions"}],"predecessor-version":[{"id":1864,"href":"https:\/\/mastertechhome.com\/en\/wp-json\/wp\/v2\/pages\/31\/revisions\/1864"}],"wp:attachment":[{"href":"https:\/\/mastertechhome.com\/en\/wp-json\/wp\/v2\/media?parent=31"}],"curies":[{"name":"wp","href":"https:\/\/api.w.org\/{rel}","templated":true}]}}